{"id":202,"date":"2021-11-22T21:38:49","date_gmt":"2021-11-23T00:38:49","guid":{"rendered":"https:\/\/www.iratussabonete.com.br\/?post_type=product&#038;p=202"},"modified":"2022-03-19T18:12:48","modified_gmt":"2022-03-19T21:12:48","slug":"touca-plastica-descartavel","status":"publish","type":"product","link":"https:\/\/www.alphaindustrial.com.br\/index.php\/produto\/touca-plastica-descartavel\/","title":{"rendered":"Touca Pl\u00e1stica Descart\u00e1vel"},"content":{"rendered":"","protected":false},"excerpt":{"rendered":"<p>Touca pl\u00e1stica usada no banho para proteger o cabelo de respingos.<\/p>\n","protected":false},"featured_media":204,"template":"","meta":{"advanced_seo_description":"","spay_email":""},"product_cat":[56],"product_tag":[82,60],"class_list":["post-202","product","type-product","status-publish","has-post-thumbnail","hentry","product_cat-acessorios","product_tag-cabelo","product_tag-linha-banho","product_shipping_class-orcamento"],"_links":{"self":[{"href":"https:\/\/www.alphaindustrial.com.br\/index.php\/wp-json\/wp\/v2\/product\/202","targetHints":{"allow":["GET"]}}],"collection":[{"href":"https:\/\/www.alphaindustrial.com.br\/index.php\/wp-json\/wp\/v2\/product"}],"about":[{"href":"https:\/\/www.alphaindustrial.com.br\/index.php\/wp-json\/wp\/v2\/types\/product"}],"wp:featuredmedia":[{"embeddable":true,"href":"https:\/\/www.alphaindustrial.com.br\/index.php\/wp-json\/wp\/v2\/media\/204"}],"wp:attachment":[{"href":"https:\/\/www.alphaindustrial.com.br\/index.php\/wp-json\/wp\/v2\/media?parent=202"}],"wp:term":[{"taxonomy":"product_cat","embeddable":true,"href":"https:\/\/www.alphaindustrial.com.br\/index.php\/wp-json\/wp\/v2\/product_cat?post=202"},{"taxonomy":"product_tag","embeddable":true,"href":"https:\/\/www.alphaindustrial.com.br\/index.php\/wp-json\/wp\/v2\/product_tag?post=202"}],"curies":[{"name":"wp","href":"https:\/\/api.w.org\/{rel}","templated":true}]}}