{"id":365,"date":"2021-12-07T21:51:23","date_gmt":"2021-12-08T00:51:23","guid":{"rendered":"https:\/\/www.alphaindustrial.com.br\/?post_type=product&#038;p=365"},"modified":"2022-03-19T16:17:32","modified_gmt":"2022-03-19T19:17:32","slug":"oleo-beijavel-spicy-love-uva","status":"publish","type":"product","link":"https:\/\/www.alphaindustrial.com.br\/index.php\/produto\/oleo-beijavel-spicy-love-uva\/","title":{"rendered":"\u00d3leo Beij\u00e1vel Spicy Love Uva"},"content":{"rendered":"","protected":false},"excerpt":{"rendered":"<p>Spicy Love. \u00d3leo Beij\u00e1vel para Massagem Sensual Sabor Uva.<\/p>\n","protected":false},"featured_media":366,"template":"","meta":{"advanced_seo_description":"","spay_email":""},"product_cat":[56],"product_tag":[104,106,105],"class_list":["post-365","product","type-product","status-publish","has-post-thumbnail","hentry","product_cat-acessorios","product_tag-massagem","product_tag-oleo-beijavel","product_tag-uso-intimo","product_shipping_class-orcamento"],"_links":{"self":[{"href":"https:\/\/www.alphaindustrial.com.br\/index.php\/wp-json\/wp\/v2\/product\/365","targetHints":{"allow":["GET"]}}],"collection":[{"href":"https:\/\/www.alphaindustrial.com.br\/index.php\/wp-json\/wp\/v2\/product"}],"about":[{"href":"https:\/\/www.alphaindustrial.com.br\/index.php\/wp-json\/wp\/v2\/types\/product"}],"wp:featuredmedia":[{"embeddable":true,"href":"https:\/\/www.alphaindustrial.com.br\/index.php\/wp-json\/wp\/v2\/media\/366"}],"wp:attachment":[{"href":"https:\/\/www.alphaindustrial.com.br\/index.php\/wp-json\/wp\/v2\/media?parent=365"}],"wp:term":[{"taxonomy":"product_cat","embeddable":true,"href":"https:\/\/www.alphaindustrial.com.br\/index.php\/wp-json\/wp\/v2\/product_cat?post=365"},{"taxonomy":"product_tag","embeddable":true,"href":"https:\/\/www.alphaindustrial.com.br\/index.php\/wp-json\/wp\/v2\/product_tag?post=365"}],"curies":[{"name":"wp","href":"https:\/\/api.w.org\/{rel}","templated":true}]}}