{"id":378,"date":"2021-12-07T22:12:10","date_gmt":"2021-12-08T01:12:10","guid":{"rendered":"https:\/\/www.alphaindustrial.com.br\/?post_type=product&#038;p=378"},"modified":"2022-03-19T16:11:30","modified_gmt":"2022-03-19T19:11:30","slug":"condicionador-iratus","status":"publish","type":"product","link":"https:\/\/www.alphaindustrial.com.br\/index.php\/produto\/condicionador-iratus\/","title":{"rendered":"Condicionador Iratus (sach\u00ea)"},"content":{"rendered":"","protected":false},"excerpt":{"rendered":"<p>Dispon\u00edvel em Sach\u00ea de 30 mL.<\/p>\n","protected":false},"featured_media":381,"template":"","meta":{"advanced_seo_description":"","spay_email":""},"product_cat":[32],"product_tag":[67,65,69,70],"class_list":["post-378","product","type-product","status-publish","has-post-thumbnail","hentry","product_cat-banho","product_tag-condicionador","product_tag-shampoo","product_tag-shampoo-em-sache","product_tag-shampoo-pequeno","product_shipping_class-orcamento"],"_links":{"self":[{"href":"https:\/\/www.alphaindustrial.com.br\/index.php\/wp-json\/wp\/v2\/product\/378","targetHints":{"allow":["GET"]}}],"collection":[{"href":"https:\/\/www.alphaindustrial.com.br\/index.php\/wp-json\/wp\/v2\/product"}],"about":[{"href":"https:\/\/www.alphaindustrial.com.br\/index.php\/wp-json\/wp\/v2\/types\/product"}],"wp:featuredmedia":[{"embeddable":true,"href":"https:\/\/www.alphaindustrial.com.br\/index.php\/wp-json\/wp\/v2\/media\/381"}],"wp:attachment":[{"href":"https:\/\/www.alphaindustrial.com.br\/index.php\/wp-json\/wp\/v2\/media?parent=378"}],"wp:term":[{"taxonomy":"product_cat","embeddable":true,"href":"https:\/\/www.alphaindustrial.com.br\/index.php\/wp-json\/wp\/v2\/product_cat?post=378"},{"taxonomy":"product_tag","embeddable":true,"href":"https:\/\/www.alphaindustrial.com.br\/index.php\/wp-json\/wp\/v2\/product_tag?post=378"}],"curies":[{"name":"wp","href":"https:\/\/api.w.org\/{rel}","templated":true}]}}