{"id":481,"date":"2021-12-12T12:18:54","date_gmt":"2021-12-12T15:18:54","guid":{"rendered":"https:\/\/www.alphaindustrial.com.br\/?post_type=product&#038;p=481"},"modified":"2022-03-19T15:51:01","modified_gmt":"2022-03-19T18:51:01","slug":"escova-dental-descartavel","status":"publish","type":"product","link":"https:\/\/www.alphaindustrial.com.br\/index.php\/produto\/escova-dental-descartavel\/","title":{"rendered":"Escova dental descart\u00e1vel"},"content":{"rendered":"","protected":false},"excerpt":{"rendered":"<p>Escova descart\u00e1vel para uso di\u00e1rio<\/p>\n","protected":false},"featured_media":482,"template":"","meta":{"advanced_seo_description":"","spay_email":""},"product_cat":[55],"product_tag":[125,133],"class_list":["post-481","product","type-product","status-publish","has-post-thumbnail","hentry","product_cat-linha-higiene-bucal","product_tag-descartavel","product_tag-escova-dental","product_shipping_class-orcamento"],"_links":{"self":[{"href":"https:\/\/www.alphaindustrial.com.br\/index.php\/wp-json\/wp\/v2\/product\/481","targetHints":{"allow":["GET"]}}],"collection":[{"href":"https:\/\/www.alphaindustrial.com.br\/index.php\/wp-json\/wp\/v2\/product"}],"about":[{"href":"https:\/\/www.alphaindustrial.com.br\/index.php\/wp-json\/wp\/v2\/types\/product"}],"wp:featuredmedia":[{"embeddable":true,"href":"https:\/\/www.alphaindustrial.com.br\/index.php\/wp-json\/wp\/v2\/media\/482"}],"wp:attachment":[{"href":"https:\/\/www.alphaindustrial.com.br\/index.php\/wp-json\/wp\/v2\/media?parent=481"}],"wp:term":[{"taxonomy":"product_cat","embeddable":true,"href":"https:\/\/www.alphaindustrial.com.br\/index.php\/wp-json\/wp\/v2\/product_cat?post=481"},{"taxonomy":"product_tag","embeddable":true,"href":"https:\/\/www.alphaindustrial.com.br\/index.php\/wp-json\/wp\/v2\/product_tag?post=481"}],"curies":[{"name":"wp","href":"https:\/\/api.w.org\/{rel}","templated":true}]}}