{"id":493,"date":"2021-12-12T12:35:52","date_gmt":"2021-12-12T15:35:52","guid":{"rendered":"https:\/\/www.alphaindustrial.com.br\/?post_type=product&#038;p=493"},"modified":"2022-02-20T19:52:04","modified_gmt":"2022-02-20T22:52:04","slug":"kit-higiene-bucal-contente-sache","status":"publish","type":"product","link":"https:\/\/www.alphaindustrial.com.br\/index.php\/produto\/kit-higiene-bucal-contente-sache\/","title":{"rendered":"Kit Higiene Bucal Contente (sach\u00ea)"},"content":{"rendered":"","protected":false},"excerpt":{"rendered":"<p>Em sacola pl\u00e1stica, 2 escovas descart\u00e1veis, Fio dental e Pasta de dentes Contente.<\/p>\n","protected":false},"featured_media":495,"template":"","meta":{"advanced_seo_description":"","spay_email":""},"product_cat":[55],"product_tag":[118],"class_list":["post-493","product","type-product","status-publish","has-post-thumbnail","hentry","product_cat-linha-higiene-bucal","product_tag-kits","product_shipping_class-orcamento"],"_links":{"self":[{"href":"https:\/\/www.alphaindustrial.com.br\/index.php\/wp-json\/wp\/v2\/product\/493","targetHints":{"allow":["GET"]}}],"collection":[{"href":"https:\/\/www.alphaindustrial.com.br\/index.php\/wp-json\/wp\/v2\/product"}],"about":[{"href":"https:\/\/www.alphaindustrial.com.br\/index.php\/wp-json\/wp\/v2\/types\/product"}],"wp:featuredmedia":[{"embeddable":true,"href":"https:\/\/www.alphaindustrial.com.br\/index.php\/wp-json\/wp\/v2\/media\/495"}],"wp:attachment":[{"href":"https:\/\/www.alphaindustrial.com.br\/index.php\/wp-json\/wp\/v2\/media?parent=493"}],"wp:term":[{"taxonomy":"product_cat","embeddable":true,"href":"https:\/\/www.alphaindustrial.com.br\/index.php\/wp-json\/wp\/v2\/product_cat?post=493"},{"taxonomy":"product_tag","embeddable":true,"href":"https:\/\/www.alphaindustrial.com.br\/index.php\/wp-json\/wp\/v2\/product_tag?post=493"}],"curies":[{"name":"wp","href":"https:\/\/api.w.org\/{rel}","templated":true}]}}