{"id":61,"date":"2021-11-04T21:13:09","date_gmt":"2021-11-05T00:13:09","guid":{"rendered":"https:\/\/www.iratussabonete.com.br\/?post_type=product&#038;p=61"},"modified":"2022-03-19T18:28:31","modified_gmt":"2022-03-19T21:28:31","slug":"sabonete-liquido-floral","status":"publish","type":"product","link":"https:\/\/www.alphaindustrial.com.br\/index.php\/produto\/sabonete-liquido-floral\/","title":{"rendered":"Sabonete L\u00edquido Iratus Floral"},"content":{"rendered":"","protected":false},"excerpt":{"rendered":"<p>Dispon\u00edvel em Sach\u00ea de 30 mL.<\/p>\n","protected":false},"featured_media":80,"template":"","meta":{"advanced_seo_description":"","spay_email":""},"product_cat":[32],"product_tag":[58,63,62,113],"class_list":["post-61","product","type-product","status-publish","has-post-thumbnail","hentry","product_cat-banho","product_tag-amenities","product_tag-sabonete-liquido","product_tag-sabonetes","product_tag-sache","product_shipping_class-orcamento"],"_links":{"self":[{"href":"https:\/\/www.alphaindustrial.com.br\/index.php\/wp-json\/wp\/v2\/product\/61","targetHints":{"allow":["GET"]}}],"collection":[{"href":"https:\/\/www.alphaindustrial.com.br\/index.php\/wp-json\/wp\/v2\/product"}],"about":[{"href":"https:\/\/www.alphaindustrial.com.br\/index.php\/wp-json\/wp\/v2\/types\/product"}],"wp:featuredmedia":[{"embeddable":true,"href":"https:\/\/www.alphaindustrial.com.br\/index.php\/wp-json\/wp\/v2\/media\/80"}],"wp:attachment":[{"href":"https:\/\/www.alphaindustrial.com.br\/index.php\/wp-json\/wp\/v2\/media?parent=61"}],"wp:term":[{"taxonomy":"product_cat","embeddable":true,"href":"https:\/\/www.alphaindustrial.com.br\/index.php\/wp-json\/wp\/v2\/product_cat?post=61"},{"taxonomy":"product_tag","embeddable":true,"href":"https:\/\/www.alphaindustrial.com.br\/index.php\/wp-json\/wp\/v2\/product_tag?post=61"}],"curies":[{"name":"wp","href":"https:\/\/api.w.org\/{rel}","templated":true}]}}